{"id":556,"date":"2023-04-20T12:04:00","date_gmt":"2023-04-20T12:04:00","guid":{"rendered":"https:\/\/nankom.com\/products\/?post_type=product&#038;p=556"},"modified":"2025-06-28T12:25:36","modified_gmt":"2025-06-28T12:25:36","slug":"effetto-mariposa-caffelatex-tubeless-sealant-1000ml","status":"publish","type":"product","link":"https:\/\/nankom.com\/products\/product\/effetto-mariposa-caffelatex-tubeless-sealant-1000ml\/","title":{"rendered":"Effetto Mariposa Caffelatex Tubeless Sealant (1000ml)"},"content":{"rendered":"<div class=\"description\">\n<section id=\"content1\">Caff\u00e9latex tyre sealant is quietly hiding in the wheels of the best cyclists in the World, who trust it to ride as puncture-free as possible. With a strong racing background in road and off-road cycling, Caff\u00e9latex is perfect for tubeless, tubular and inner-tube applications.<b>Exclusive Features:<\/b><\/p>\n<p>&#8211; Very fast puncture repairing action, ideal for performance-oriented cyclists (and for those who want even more, we created Vitamina CL additive)<\/p>\n<p>&#8211; Its foaming behavior makes it spread evenly inside tyres, covering the whole internal surface very efficiently<\/p>\n<p>&#8211; Caff\u00e9latex doesn\u2019t contain ammonia or other aggressive chemicals and is not toxic<\/p>\n<p>&#8211; Relying on synthetic latex, Caff\u00e9latex doesn\u2019t create allergy issues associated with natural latex<\/p>\n<p><strong>Very fast puncture repairing action:<\/strong><\/p>\n<p>A secret blend of liquid synthetic polymers gives Caff\u00e9latex its \u201clatex-like\u201d behavior, becoming solid when exposed to fast evaporation, repairing holes in the process. We improved this with the addition of a precise percentage of microscopic (less than 2 microns, 0,002 mm) silicate particles, so that Caff\u00e9latex moves slowly through holes, allowing it more time to heal the puncture.<\/p>\n<p>Puncture repair speed is especially beneficial with lightweight or thin-casing tyres, making Caff\u00e9latex ideal for performance-oriented cyclists, for both road and off-road cycling and for tubeless, tubular and inner-tube applications.\u2028Caff\u00e9latex repairs punctures up to 5 mm (off-road tubeless tyres) and 3 mm (road tubeless tyres).<\/p>\n<p>For cyclists seeking the ultimate puncture protection, we created for Caff\u00e9latex the Vitamina CL additive.<\/p>\n<p><strong>Lightweight:<\/strong><\/p>\n<p>In order to save weight on rotating masses, Caff\u00e9latex has a high mobility and a small quantity goes a long way in terms of coverage of the inner surface of the tyre. We suggest to use the quantities suggested by the iCaffelatex app or in the table here: while too much sealant is unnecessary weight, too little is utterly pointless as punctures will still occur and the (small) weight of sealant will serve no purpose.\u2028For example, we recommend 60 ml (approximately 2 oz) of Caff\u00e9latex for 29\u00d72.10 (54-622) tubeless tyres; 30 ml (approximately 1 oz) for 700x25c (25-622) tubeless tyres.<\/p>\n<p><strong>Foaming behavior activated by wheel movement:<\/strong><\/p>\n<p>When engineering Caff\u00e9latex and refining its formula, we discovered that providing it with a foaming behavior (passing from liquid to foam when agitated, so activated by wheel movement) was a big plus in terms of ability to spread inside the tyre cavity. When wheels are turning, centrifugal force drives standard liquid sealants against the outer circumference inside the tyre.<\/p>\n<p>Caff\u00e9latex, turning into foam, tends to fill the entire internal cavity of the tyre, making Caff\u00e9latex available and effective even when the puncture happens on the sidewall. Caff\u00e9latex reverts to its liquid state after around 15 minutes of stillness.<\/p>\n<p><strong>Lifespan:<\/strong><\/p>\n<p>Compared to other \u201clatex-like\u201d sealants, Caff\u00e9latex is a very stable and durable, although its lifespan is heavily influenced by tyre type.<\/p>\n<p>Using the recommended quantity for tyre size\/type, the expected Caff\u00e9latex lifespan is:<\/p>\n<ul>\n<li>Tubular (or Caff\u00e9latex inserted into latex\/butyl inner tube): up to 1 year<\/li>\n<li>UST\u00a0 Tubeless tyre: 2-6 months<\/li>\n<li>Tubeless-ready tyre: 1-4 months<\/li>\n<li>Tube-type tyre: 1-3 months<\/li>\n<\/ul>\n<p>In the impossibility of knowing the specific conditions (kind of wheel\/tyre set-up, tyre sidewall thickness and porosities, external temperature and humidity, bicycle storage conditions\u2026),\u00a0we recommend checking Caff\u00e9latex every 2 months, to make sure it\u2019s liquid and therefore ensures its puncture preventive action.\u2028When dry, Caff\u00e9latex-sealed wheels are still air-tight, but Caff\u00e9latex won\u2019t actively repair punctures.<\/p>\n<p><strong>Not toxic, corrosive, allergenic:<\/strong><\/p>\n<p>Caff\u00e9latex doesn\u2019t contain ammonia or other aggressive chemicals: that characteristic makes it also the favourite sealant for cyclocross\/tubular applications, creating no harm to the sensitive latex inner tubes.<\/p>\n<p>WARNING: oxidation of aluminum rims can happen because of the water content of the sealant, occurring where metal surface is not painted\/protected or covered by tubeless rim strip or tape.<\/p>\n<p>As its formula is synthetic, Caff\u00e9latex doesn\u2019t trigger allergic reactions in people who are allergic to products made with natural rubber latex.<\/p>\n<p><strong>Sizes:<\/strong><\/p>\n<p>Caff\u00e9latex is available as bottles of 1000 or 250 ml, cheer-packs\/pouches of 60 ml. Ten litre Caff\u00e9latex Pro Point cube is a great choice for teams or shops.<\/p>\n<p>Usage and storage temperatures and tips:<\/p>\n<p>Usage: -20\/+50\u00b0C (-4\/+122\u00b0F)\u2028Storage: -15\/+30\u00b0C (+5\/+86\u00b0F)<\/p>\n<p>Caff\u00e9latex will last 2 years after the bottle is first open, as long as the bottle is closed properly and stored away from direct sunlight, and the storage temperature is within the range stated above.<\/p>\n<p>To check if a bottle of Caff\u00e9latex is still good, even after a long time since first opening it:<\/p>\n<ul>\n<li>the liquid should have a homogeneous viscosity (no solid chunks or evident separation between lighter and denser liquid);<\/li>\n<li>10-second test: wet thumb and index in liquid Caff\u00e9latex, press it between the two fingers for ten seconds then release: if it starts to create a solid layer, it\u2019s still functioning properly.<\/li>\n<\/ul>\n<\/section>\n<\/div>\n<div class=\"sizing-info\">\n<h2>Sizing Information<\/h2>\n<ul>\n<li>Size &#8211; 1000ml<\/li>\n<li>Country of Origin &#8211; Italy<\/li>\n<\/ul>\n<\/div>\n","protected":false},"excerpt":{"rendered":"<p>Caff\u00e9latex tyre sealant is quietly hiding in the wheels of the best cyclists in the World, who trust it to ride as puncture-free as possible. With a strong racing background in road and off-road cycling, Caff\u00e9latex is perfect for tubeless, tubular and inner-tube applications.Exclusive Features: &#8211; Very fast puncture repairing action, ideal for performance-oriented cyclists [&hellip;]<\/p>\n","protected":false},"featured_media":557,"comment_status":"open","ping_status":"closed","template":"","meta":{"om_disable_all_campaigns":false,"wds_primary_product_brand":0,"wds_primary_product_cat":0},"product_brand":[],"product_cat":[31,30,33,37],"product_tag":[],"class_list":{"0":"post-556","1":"product","2":"type-product","3":"status-publish","4":"has-post-thumbnail","6":"product_cat-accessories","7":"product_cat-bike-component","8":"product_cat-maintenance","9":"product_cat-tyers","11":"first","12":"outofstock","13":"shipping-taxable","14":"purchasable","15":"product-type-simple"},"_links":{"self":[{"href":"https:\/\/nankom.com\/products\/wp-json\/wp\/v2\/product\/556","targetHints":{"allow":["GET"]}}],"collection":[{"href":"https:\/\/nankom.com\/products\/wp-json\/wp\/v2\/product"}],"about":[{"href":"https:\/\/nankom.com\/products\/wp-json\/wp\/v2\/types\/product"}],"replies":[{"embeddable":true,"href":"https:\/\/nankom.com\/products\/wp-json\/wp\/v2\/comments?post=556"}],"wp:featuredmedia":[{"embeddable":true,"href":"https:\/\/nankom.com\/products\/wp-json\/wp\/v2\/media\/557"}],"wp:attachment":[{"href":"https:\/\/nankom.com\/products\/wp-json\/wp\/v2\/media?parent=556"}],"wp:term":[{"taxonomy":"product_brand","embeddable":true,"href":"https:\/\/nankom.com\/products\/wp-json\/wp\/v2\/product_brand?post=556"},{"taxonomy":"product_cat","embeddable":true,"href":"https:\/\/nankom.com\/products\/wp-json\/wp\/v2\/product_cat?post=556"},{"taxonomy":"product_tag","embeddable":true,"href":"https:\/\/nankom.com\/products\/wp-json\/wp\/v2\/product_tag?post=556"}],"curies":[{"name":"wp","href":"https:\/\/api.w.org\/{rel}","templated":true}]}}