{"id":540,"date":"2023-04-20T11:33:00","date_gmt":"2023-04-20T11:33:00","guid":{"rendered":"https:\/\/nankom.com\/products\/?post_type=product&#038;p=540"},"modified":"2025-06-28T12:25:49","modified_gmt":"2025-06-28T12:25:49","slug":"effetto-mariposa-caffelatex-tubeless-rim-strip-single-m-29%e2%80%b3","status":"publish","type":"product","link":"https:\/\/nankom.com\/products\/product\/effetto-mariposa-caffelatex-tubeless-rim-strip-single-m-29%e2%80%b3\/","title":{"rendered":"Effetto Mariposa Caffelatex Tubeless Rim Strip-Single (M-29\u2033)"},"content":{"rendered":"<div class=\"description\">\n<section id=\"content1\">Caff\u00e9latex Tubeless Strip is a very light, puncture-proof and transparent tubeless rim strip that makes tubeless conversions quick and easy. Strip allows tubeless conversion of most standard bicycle wheels, using Tubeless or Tubeless-Ready tyres and Caff\u00e9latex or V\u00e9g\u00e9talex sealant. &#8220;Single&#8221; means you get just one Strip, no tubeless valve included.<strong>Exclusive Features:<\/strong><\/p>\n<ul>\n<li>The easiest way to perform a tubeless conversion.<\/li>\n<li>Very light tubeless rim strip.<\/li>\n<li>Damage-resistant.<\/li>\n<li>Long lasting, it can be moved from one wheel to another.<\/li>\n<li>Extended range of widths.<\/li>\n<li>&#8220;Single&#8221; means you get just one Strip, no tubeless valve included.<\/li>\n<\/ul>\n<p>&nbsp;<\/p>\n<p><strong>Characteristics:<\/strong><\/p>\n<p><strong>Note for road and gravel riders looking for the correct Strip for their wheels<\/strong><\/p>\n<p>wheels identified as 29&#8243; (for mtb), 28&#8243; (for road) and 700c have the same rim diameter, 622 mm in ISO\/ETRTO standard. Therefore, the right Strip for 700c wheels is 29&#8243;.<\/p>\n<p>wheels identified as 27,5&#8243; (for mtb) and 650b have the same rim diameter, 584 mm in ISO\/ETRTO standard. Therefore, the right Strip for 650b wheels is 26\/27,5&#8243;<\/p>\n<p><strong>Tubeless conversion, made easy<\/strong><\/p>\n<p>Caff\u00e9latex Strip is the ultimate tubeless solution for very difficult rims (for example, aluminum rims with mat surface finishing, rims with very deep channel, pin-joined rims where the junction is not welded etc.). This because Strip isn\u2019t adhesive: it\u2019s made in one piece and relies on its elasticity to sit tight on the rim<\/p>\n<p><strong>Please note: sorry, Strip won&#8217;t work on asymetric rims with off-center valve hole.<\/strong><\/p>\n<p>To convert a rim to tubeless, simply remove the existing rim-strip, choose the appropriate Strip size and follow the following easy steps:<\/p>\n<ul>\n<li>1.(OPTIONAL STEP) Use a roll of electrician tape and seal the spoke holes of the rim. This just in order to create an additional protection to prevent sealant from getting inside the rim inner chamber, in the unlikely case the Strip moves and let some liquid go through.<\/li>\n<li>2.Insert a tubeless valve in the hole of Strip, so that the rubber base is in contact with Strip.<\/li>\n<li>3.Secure Strip to the rim, tightening the nut on the valve stem. It\u2019s important to push the valve base against the rim while doing so, to achieve a proper air-tightness.<\/li>\n<li>&lt;1i&gt;4.Keeping the wheel with the valve at 12 o\u2019 clock, finish mounting Strip onto the rim.\u00a0&lt;1i&gt;5.With a screwdriver or a similar tool, center Strip inside the rim channel.\u00a0&lt;1i&gt;6.Add tubeless tyre, Caff\u00e9latexor V\u00e9g\u00e9talexsealant, inflate, ride.<\/li>\n<\/ul>\n<p>Additional details in the tech video down below.<\/p>\n<p><strong>Lightweight<\/strong><\/p>\n<p>Being thin (0,8 mm) and strong, Strip only weighs 30 g (for S 26\u2033\/27,5\u2033), making it weight-wise competitive with adhesive tubeless tapes (ranging between 9 and 20 g per wheel) and simply superior to old butyl tubeless rim strips (with limited strength and adding over 65 g per wheel).<\/p>\n<p><strong>Highly resistant to damage and puncture<\/strong><\/p>\n<p>The special polymer employed in its construction makes Strip highly resistant to damage and puncture. It\u2019s also very stable from a chemical standpoint and cannot be damaged by Caff\u00e9latex or other non-chemically-aggressive tyre sealants.<\/p>\n<p><strong>WARNING: using sealants containing aggressive chemicals or ammonia, or cleaning the rim with aggressive chemical products can damage Caff\u00e9latex Tubeless Strip and may represent dangers to the user.<\/strong>We recommend using only Caff\u00e9latex or V\u00e9g\u00e9talex sealants, or Espresso\/Espresso Doppio inflate &amp; repair cartridges with Caff\u00e9latex Tubeless Strip.<\/p>\n<p><strong>Long lasting<\/strong><br \/>\nSomething you can do with Strip that you simply can\u2019t with adhesive tubeless tapes: moving Strip from one rim to another. \u2028As the Strip material is very durable, its lifespan can exceed the one of the rim it\u2019s mounted on, and can it be removed and mounted on another rim. Strip can also be removed and mounted on the same rim if a spoke needs to be replaced.<\/p>\n<div>\n<div class=\"content-left\"><img decoding=\"async\" src=\"https:\/\/www.worldofwheelz.in\/uploads\/media\/Strip.jpeg\" alt=\"\" \/><\/div>\n<\/div>\n<\/section>\n<\/div>\n<div class=\"sizing-info\">\n<h2>Sizing Information<\/h2>\n<ul>\n<li>Size &#8211; M (29&#8243;)<\/li>\n<li>Country of Origin &#8211; Italy<\/li>\n<\/ul>\n<\/div>\n","protected":false},"excerpt":{"rendered":"<p>Caff\u00e9latex Tubeless Strip is a very light, puncture-proof and transparent tubeless rim strip that makes tubeless conversions quick and easy. Strip allows tubeless conversion of most standard bicycle wheels, using Tubeless or Tubeless-Ready tyres and Caff\u00e9latex or V\u00e9g\u00e9talex sealant. &#8220;Single&#8221; means you get just one Strip, no tubeless valve included.Exclusive Features: The easiest way to [&hellip;]<\/p>\n","protected":false},"featured_media":541,"comment_status":"open","ping_status":"closed","template":"","meta":{"om_disable_all_campaigns":false,"wds_primary_product_brand":0,"wds_primary_product_cat":0},"product_brand":[],"product_cat":[31,33,38],"product_tag":[],"class_list":{"0":"post-540","1":"product","2":"type-product","3":"status-publish","4":"has-post-thumbnail","6":"product_cat-accessories","7":"product_cat-maintenance","8":"product_cat-tool-kit","10":"first","11":"outofstock","12":"shipping-taxable","13":"purchasable","14":"product-type-simple"},"_links":{"self":[{"href":"https:\/\/nankom.com\/products\/wp-json\/wp\/v2\/product\/540","targetHints":{"allow":["GET"]}}],"collection":[{"href":"https:\/\/nankom.com\/products\/wp-json\/wp\/v2\/product"}],"about":[{"href":"https:\/\/nankom.com\/products\/wp-json\/wp\/v2\/types\/product"}],"replies":[{"embeddable":true,"href":"https:\/\/nankom.com\/products\/wp-json\/wp\/v2\/comments?post=540"}],"wp:featuredmedia":[{"embeddable":true,"href":"https:\/\/nankom.com\/products\/wp-json\/wp\/v2\/media\/541"}],"wp:attachment":[{"href":"https:\/\/nankom.com\/products\/wp-json\/wp\/v2\/media?parent=540"}],"wp:term":[{"taxonomy":"product_brand","embeddable":true,"href":"https:\/\/nankom.com\/products\/wp-json\/wp\/v2\/product_brand?post=540"},{"taxonomy":"product_cat","embeddable":true,"href":"https:\/\/nankom.com\/products\/wp-json\/wp\/v2\/product_cat?post=540"},{"taxonomy":"product_tag","embeddable":true,"href":"https:\/\/nankom.com\/products\/wp-json\/wp\/v2\/product_tag?post=540"}],"curies":[{"name":"wp","href":"https:\/\/api.w.org\/{rel}","templated":true}]}}